{"id":1060,"date":"2023-04-14T18:15:44","date_gmt":"2023-04-14T16:15:44","guid":{"rendered":"https:\/\/solergy.ch\/?page_id=1060"},"modified":"2026-01-30T23:56:20","modified_gmt":"2026-01-30T21:56:20","slug":"dachbesitzer-anfrage","status":"publish","type":"page","link":"https:\/\/solergy.ch\/de\/dachbesitzer-anfrage\/","title":{"rendered":"Anfrage f\u00fcr Dachbesitzer"},"content":{"rendered":"<div class=\"wp-block-cover\" style=\"min-height:310px;aspect-ratio:unset;\"><img fetchpriority=\"high\" decoding=\"async\" width=\"1024\" height=\"271\" class=\"wp-block-cover__image-background wp-image-4074 size-large\" alt=\"\" src=\"https:\/\/solergy.ch\/wp-content\/uploads\/2026\/01\/rooftop-solar-panels-at-dusk-1024x271.webp\" data-object-fit=\"cover\" srcset=\"https:\/\/solergy.ch\/wp-content\/uploads\/2026\/01\/rooftop-solar-panels-at-dusk-1024x271.webp 1024w, https:\/\/solergy.ch\/wp-content\/uploads\/2026\/01\/rooftop-solar-panels-at-dusk-300x80.webp 300w, https:\/\/solergy.ch\/wp-content\/uploads\/2026\/01\/rooftop-solar-panels-at-dusk-768x204.webp 768w, https:\/\/solergy.ch\/wp-content\/uploads\/2026\/01\/rooftop-solar-panels-at-dusk-1536x407.webp 1536w, https:\/\/solergy.ch\/wp-content\/uploads\/2026\/01\/rooftop-solar-panels-at-dusk-18x5.webp 18w, https:\/\/solergy.ch\/wp-content\/uploads\/2026\/01\/rooftop-solar-panels-at-dusk-600x159.webp 600w, https:\/\/solergy.ch\/wp-content\/uploads\/2026\/01\/rooftop-solar-panels-at-dusk.webp 1600w\" sizes=\"(max-width: 1024px) 100vw, 1024px\" \/><span aria-hidden=\"true\" class=\"wp-block-cover__background has-background-dim-0 has-background-dim\"><\/span><div class=\"wp-block-cover__inner-container is-layout-constrained wp-block-cover-is-layout-constrained\"><h1 class=\"has-text-align-center has-link-color wp-elements-1965151f949685044e70628ca8446948 wp-block-post-title has-text-color has-ast-global-color-1-color\">Anfrage f\u00fcr Dachbesitzer<\/h1><\/div><\/div>\n\n\n\n<p><\/p>\n\n\n\n<p class=\"has-text-align-left\"><strong>Vielen Dank f\u00fcr Ihr Interesse an einer Zusammenarbeit mit Solergy!<br><br><\/strong>Bitte beantworten Sie die folgenden Fragen, damit wir Ihnen so schnell wie m\u00f6glich eine Beurteilung des PV-Potenzials Ihres Daches zukommen lassen k\u00f6nnen. Bereiten Sie, wenn m\u00f6glich, Ihre letztj\u00e4hrige Stromrechnung vor, da es eine Frage zu Ihrem Stromverbrauch geben wird.<\/p>\n\n\n\n<p class=\"has-text-align-center\"><\/p>\n\n\n<form id=\"forminator-module-3370\" class=\"forminator-custom-form forminator-custom-form-3370\" method=\"post\" data-forminator-render=\"0\" data-uid=\"69e7daa4cd5b1\" action=\"\"><div role=\"alert\" aria-live=\"polite\" class=\"forminator-response-message forminator-error\" aria-hidden=\"true\"><\/div><input type=\"hidden\" name=\"trp-form-language\" value=\"de\"\/><\/form>","protected":false},"excerpt":{"rendered":"<p>Vielen Dank f\u00fcr Ihr Interesse an einer Zusammenarbeit mit Solergy! Bitte beantworten Sie die folgenden Fragen, damit wir Ihnen so schnell wie m\u00f6glich eine Einsch\u00e4tzung des PV-Potenzials Ihres Daches geben k\u00f6nnen. Halten Sie nach M\u00f6glichkeit Ihre Stromrechnung des letzten Jahres bereit, denn es wird eine Frage zu Ihrem Stromverbrauch geben.<\/p>","protected":false},"author":1,"featured_media":3483,"parent":0,"menu_order":0,"comment_status":"closed","ping_status":"closed","template":"","meta":{"site-sidebar-layout":"default","site-content-layout":"","ast-site-content-layout":"normal-width-container","site-content-style":"boxed","site-sidebar-style":"default","ast-global-header-display":"","ast-banner-title-visibility":"","ast-main-header-display":"","ast-hfb-above-header-display":"","ast-hfb-below-header-display":"","ast-hfb-mobile-header-display":"","site-post-title":"disabled","ast-breadcrumbs-content":"","ast-featured-img":"","footer-sml-layout":"","theme-transparent-header-meta":"","adv-header-id-meta":"","stick-header-meta":"","header-above-stick-meta":"","header-main-stick-meta":"","header-below-stick-meta":"","astra-migrate-meta-layouts":"set","ast-page-background-enabled":"default","ast-page-background-meta":{"desktop":{"background-color":"","background-image":"","background-repeat":"repeat","background-position":"center center","background-size":"auto","background-attachment":"scroll","background-type":"","background-media":"","overlay-type":"","overlay-color":"","overlay-opacity":"","overlay-gradient":""},"tablet":{"background-color":"","background-image":"","background-repeat":"repeat","background-position":"center center","background-size":"auto","background-attachment":"scroll","background-type":"","background-media":"","overlay-type":"","overlay-color":"","overlay-opacity":"","overlay-gradient":""},"mobile":{"background-color":"","background-image":"","background-repeat":"repeat","background-position":"center center","background-size":"auto","background-attachment":"scroll","background-type":"","background-media":"","overlay-type":"","overlay-color":"","overlay-opacity":"","overlay-gradient":""}},"ast-content-background-meta":{"desktop":{"background-color":"var(--ast-global-color-5)","background-image":"","background-repeat":"repeat","background-position":"center center","background-size":"auto","background-attachment":"scroll","background-type":"","background-media":"","overlay-type":"","overlay-color":"","overlay-opacity":"","overlay-gradient":""},"tablet":{"background-color":"var(--ast-global-color-5)","background-image":"","background-repeat":"repeat","background-position":"center center","background-size":"auto","background-attachment":"scroll","background-type":"","background-media":"","overlay-type":"","overlay-color":"","overlay-opacity":"","overlay-gradient":""},"mobile":{"background-color":"var(--ast-global-color-5)","background-image":"","background-repeat":"repeat","background-position":"center center","background-size":"auto","background-attachment":"scroll","background-type":"","background-media":"","overlay-type":"","overlay-color":"","overlay-opacity":"","overlay-gradient":""}},"footnotes":""},"class_list":["post-1060","page","type-page","status-publish","has-post-thumbnail","hentry"],"_links":{"self":[{"href":"https:\/\/solergy.ch\/de\/wp-json\/wp\/v2\/pages\/1060","targetHints":{"allow":["GET"]}}],"collection":[{"href":"https:\/\/solergy.ch\/de\/wp-json\/wp\/v2\/pages"}],"about":[{"href":"https:\/\/solergy.ch\/de\/wp-json\/wp\/v2\/types\/page"}],"author":[{"embeddable":true,"href":"https:\/\/solergy.ch\/de\/wp-json\/wp\/v2\/users\/1"}],"replies":[{"embeddable":true,"href":"https:\/\/solergy.ch\/de\/wp-json\/wp\/v2\/comments?post=1060"}],"version-history":[{"count":20,"href":"https:\/\/solergy.ch\/de\/wp-json\/wp\/v2\/pages\/1060\/revisions"}],"predecessor-version":[{"id":4078,"href":"https:\/\/solergy.ch\/de\/wp-json\/wp\/v2\/pages\/1060\/revisions\/4078"}],"wp:featuredmedia":[{"embeddable":true,"href":"https:\/\/solergy.ch\/de\/wp-json\/wp\/v2\/media\/3483"}],"wp:attachment":[{"href":"https:\/\/solergy.ch\/de\/wp-json\/wp\/v2\/media?parent=1060"}],"curies":[{"name":"wp","href":"https:\/\/api.w.org\/{rel}","templated":true}]}}