{"id":683,"date":"2022-03-24T22:07:59","date_gmt":"2022-03-24T20:07:59","guid":{"rendered":"https:\/\/solergy.ch\/?page_id=683"},"modified":"2024-11-04T17:01:00","modified_gmt":"2024-11-04T15:01:00","slug":"allgemeine-geschaftsbedingungen","status":"publish","type":"page","link":"https:\/\/solergy.ch\/de\/allgemeine-geschaftsbedingungen\/","title":{"rendered":"Allgemeine Gesch\u00e4ftsbedingungen"},"content":{"rendered":"<h1 class=\"wp-block-heading\" style=\"padding-top:var(--wp--preset--spacing--60);padding-right:var(--wp--preset--spacing--40);padding-bottom:var(--wp--preset--spacing--40);padding-left:0\">Allgemeine Gesch\u00e4ftsbedingungen<\/h1>\n\n\n\n<p style=\"padding-bottom:var(--wp--preset--spacing--60)\"><strong>Diese englische Version unseres Webshops ist nur zu Ihrer Bequemlichkeit. Die deutsche Version ist die einzige rechtlich g\u00fcltige Version der Allgemeinen Gesch\u00e4ftsbedingungen (AGB)<\/strong>.<\/p>\n\n\n\n<p><\/p>\n\n\n\n<p><strong>Allgemeine Gesch\u00e4ftsbedingungen der Solergy GmbH und solergy.ch<\/strong><\/p>\n\n\n\n<p>Zuletzt ge\u00e4ndert am: 25.09.2023<\/p>\n\n\n\n<p><strong>1. Einf\u00fchrung<\/strong><\/p>\n\n\n\n<p>Diese Bedingungen beschreiben die Regeln und Vorschriften f\u00fcr die Nutzung der Dienstleistungen der <strong><u><a href=\"http:\/\/solergy.ch\/de\/impressum\/\" data-type=\"link\" data-id=\"http:\/\/solergy.ch\/impressum\">Solergy GmbH<\/a><\/u><\/strong>, die \u00fcber die Plattform unter der Adresse <a href=\"https:\/\/solergy.ch\/de\/\">https:\/\/solergy.ch<\/a> angeboten werden (im Folgenden als \"Solergy\", \"solergy.ch\" oder \"Plattform\" bezeichnet).<\/p>\n\n\n\n<p>Wenn Sie auf diese Plattform zugreifen, gehen wir davon aus, dass Sie diese Bedingungen und Konditionen akzeptieren. Nutzen Sie die Website nicht weiter, wenn Sie nicht mit allen auf dieser Seite genannten Bedingungen einverstanden sind.<\/p>\n\n\n\n<p>Die folgende Terminologie gilt f\u00fcr diese Allgemeinen Gesch\u00e4ftsbedingungen, die Datenschutzerkl\u00e4rung und den Haftungsausschluss sowie alle Vereinbarungen: \"Kunde\", \"Sie\", \"Ihr\", \"Benutzer\" und \"Besucher\" bezieht sich auf Sie, die Person, die den Inhalt dieser Plattform liest oder sich auf dieser Plattform anmeldet und mit den Gesch\u00e4ftsbedingungen des Unternehmens einverstanden ist. \"Das Unternehmen\", \"Solergy\", \"uns\", \"wir\", \"unser\" und \"uns\" bezieht sich auf unser Unternehmen, die Solergy GmbH. \"Partei\", \"Parteien\" oder \"uns\" bezieht sich sowohl auf Sie als auch auf uns. Spezifische Geschlechtsbezeichnungen, die hier verwendet werden, sollen f\u00fcr alle gleicherma\u00dfen gelten. Alle Begriffe beziehen sich auf das Angebot, die Annahme und die Ber\u00fccksichtigung der Zahlung, die erforderlich sind, um den Prozess unserer Unterst\u00fctzung f\u00fcr den Kunden in der am besten geeigneten Weise zum ausdr\u00fccklichen Zweck der Erf\u00fcllung der Bed\u00fcrfnisse des Kunden in Bezug auf die Erbringung der angegebenen Dienstleistungen des Unternehmens in \u00dcbereinstimmung mit und vorbehaltlich des geltenden Rechts der Schweiz durchzuf\u00fchren. Jegliche Verwendung der oben genannten Terminologie oder anderer W\u00f6rter in der Einzahl, Mehrzahl, Gro\u00dfschreibung und\/oder er\/sie oder sie, werden als austauschbar angesehen und beziehen sich daher auf dasselbe.<\/p>\n\n\n\n<p><strong>2. Die Produkte<\/strong><\/p>\n\n\n\n<p><strong>Solergy<\/strong> unterh\u00e4lt die Plattform und den Webshop, in dem die Nutzer Solarmodule in PV-Systemen kaufen k\u00f6nnen, die von Solergy in Partnerschaft mit Immobilienbesitzern, PV-Implementierungsfirmen und Stromversorgern realisiert werden. Die Nutzer, die zu K\u00e4ufern werden, k\u00f6nnen je nach Art des Produkts eine Verg\u00fctung in Form einer Gewinnaussch\u00fcttung oder von Strom erhalten.<\/p>\n\n\n\n<p><strong>3. Was gilt f\u00fcr unseren Webshop?<\/strong><\/p>\n\n\n\n<p>Diese allgemeinen Gesch\u00e4ftsbedingungen gelten f\u00fcr den Webshop der Solergy GmbH (wir) und alle dort get\u00e4tigten Bestellungen oder Transaktionen (unsere Webshop-Bedingungen).<\/p>\n\n\n\n<p>Unsere Webshop-Bedingungen k\u00f6nnen jederzeit ge\u00e4ndert werden und gelten dann ab dem Zeitpunkt der \u00c4nderung und Hinterlegung auf unserer Homepage.<\/p>\n\n\n\n<p><strong>4. Wer kann bei uns kaufen?<\/strong><\/p>\n\n\n\n<p>Unser Angebot gilt f\u00fcr nat\u00fcrliche Personen oder Unternehmen mit Wohnsitz oder Sitz in der Schweiz. Wenn Sie einen Wohn- oder Gesch\u00e4ftssitz au\u00dferhalb der Schweiz haben, gelten diese Bedingungen ebenfalls, wobei wir das Recht haben, jederzeit von unserem Angebot zur\u00fcckzutreten oder einen geschlossenen Vertrag zu k\u00fcndigen.<\/p>\n\n\n\n<p><strong>5. Sind die ver\u00f6ffentlichten Anzeigen und Informationen auf unserer Homepage g\u00fcltig und wirksam?<\/strong><\/p>\n\n\n\n<p>Der Inhalt unserer Inserate ist nur dann wirksam, d.h. er gilt nur zwischen uns und Ihnen als K\u00e4ufer, wenn wir die Anfrage \u00fcber unseren Webshop erhalten und den Inhalt ausdr\u00fccklich als verbindlich best\u00e4tigt haben. Die Ver\u00f6ffentlichung auf unserer Homepage - auch wenn dies den Anschein erweckt - ist nicht unbedingt immer m\u00f6glich und wir k\u00f6nnen nur so lange liefern oder Vertr\u00e4ge abschlie\u00dfen, wie dies m\u00f6glich ist. Beachten Sie, dass kurzfristige \u00c4nderungen jederzeit m\u00f6glich sind.<\/p>\n\n\n\n<p>Anzeigen, Informationen oder andere Darstellungen in unserem Webshop sind keine rechtsverbindlichen Aufforderungen. Vielmehr handelt es sich um eine unverbindliche Aufforderung zur Bestellung in unserem Webshop. Auch eine erhaltene Eingangsbest\u00e4tigung f\u00fchrt nicht zwangsl\u00e4ufig zu einer wirksamen Bestellung, sondern die Bestellung kann noch abgelehnt werden, ohne dass ein Vertrag zustande gekommen ist. Schadensersatzanspr\u00fcche bleiben in diesem Fall ausgeschlossen. Sollten bereits Zahlungen an uns geleistet worden sein, w\u00fcrden wir das Geld so weit wie m\u00f6glich zur\u00fcckerstatten.&nbsp;<\/p>\n\n\n\n<p><strong>6. Wann wird sie verbindlich?<\/strong><\/p>\n\n\n\n<p>Wir bem\u00fchen uns, Anfragen so schnell wie m\u00f6glich zu bearbeiten und ein wirksames Angebot zum Vertragsabschluss zu unterbreiten oder unser Angebot ausdr\u00fccklich als verbindlich zu best\u00e4tigen.<\/p>\n\n\n\n<p>Erst mit dem Vorliegen einer best\u00e4tigten Annahme einer Bestellung und der Zahlung des Kaufpreises haben wir einen verbindlichen Vertrag geschlossen.<\/p>\n\n\n\n<p><strong>7. Kann ich davon ausgehen, dass ein wirksamer Vertrag zustande kommt? <\/strong><\/p>\n\n\n\n<p>Es kann sein, dass ein wirksamer Vertrag - zum Beispiel, wenn die Finanzierung der Solaranlage nicht m\u00f6glich war - nicht durchf\u00fchrbar ist. In diesem Fall erstatten wir Ihnen selbstverst\u00e4ndlich die erhaltenen Betr\u00e4ge oder halten uns an die Regelungen, die wir im abgeschlossenen Vertrag vorgesehen haben. Weitere Anspr\u00fcche bestehen nicht.<\/p>\n\n\n\n<p><strong>8. Was muss bezahlt werden?<\/strong><\/p>\n\n\n\n<p>Unsere Preise sind ausschlie\u00dflich in Schweizer Franken angegeben und enthalten die Mehrwertsteuer. Der tats\u00e4chliche Kaufpreis wird zum Zeitpunkt der best\u00e4tigten Bestellung angezeigt, je nachdem, was und wie viel gekauft wird.<\/p>\n\n\n\n<p><strong>9. Wann und wie m\u00fcssen Sie zahlen? <\/strong><\/p>\n\n\n\n<p>Die Zahlung muss auf unserem Konto eingegangen sein. Eine Rechnung mit dem zu \u00fcberweisenden Betrag wird elektronisch versandt und innerhalb der angegebenen Zahlungsfrist beglichen.<\/p>\n\n\n\n<p><strong>10. Was passiert, wenn Sie Ihre Meinung \u00e4ndern?<\/strong><\/p>\n\n\n\n<p>Es ist m\u00f6glich, innerhalb von 14 Tagen nach Eingang der von uns wirksam best\u00e4tigten Bestellung vom Vertrag zur\u00fcckzutreten. Bereits geleistete Zahlungen werden dann von uns zur\u00fcckerstattet, eine Erstattung von Kosten, Zinsen oder sonstigen Sch\u00e4den bleibt ausgeschlossen. Sofern die R\u00fccktrittserkl\u00e4rung nicht innerhalb von 14 Tagen nach Erhalt des wirksam best\u00e4tigten Auftrags bei uns eingegangen ist, kann kein weiterer R\u00fccktritt von Ihnen erfolgen, es sei denn, das Projekt ist nicht innerhalb von 6 Monaten finanzierbar oder wir stimmen dem R\u00fccktritt auch nach Ablauf der 14 Tage zu.<\/p>\n\n\n\n<p><strong>11. Cookies<\/strong><\/p>\n\n\n\n<p>Die meisten interaktiven Plattformen verwenden Cookies, um die Daten des Benutzers f\u00fcr jeden Besuch abzurufen. Cookies werden von unserer Plattform verwendet, um die Funktionalit\u00e4t bestimmter Bereiche zu erm\u00f6glichen und den Besuch unserer Plattform zu erleichtern. Einige unserer Partner\/Werbepartner k\u00f6nnen ebenfalls Cookies verwenden. Indem Sie auf die Plattform zugreifen, erkl\u00e4ren Sie sich mit der Verwendung von Cookies in \u00dcbereinstimmung mit unserer <a href=\"https:\/\/solergy.ch\/de\/cookie-richtlinie\/\">Cookie-Richtlinie<\/a>.<\/p>\n\n\n\n<p><strong>12. Lizenz und Inhalt<\/strong><\/p>\n\n\n\n<p>Sofern nicht anders angegeben, besitzen die Solergy GmbH und\/oder ihre Partner die geistigen Eigentumsrechte f\u00fcr alle Materialien auf der Plattform. Alle geistigen Eigentumsrechte sind vorbehalten. Sie k\u00f6nnen auf die Plattform f\u00fcr Ihren eigenen pers\u00f6nlichen Gebrauch zugreifen, vorbehaltlich der in diesen Allgemeinen Gesch\u00e4ftsbedingungen festgelegten Einschr\u00e4nkungen.<\/p>\n\n\n\n<p>Das d\u00fcrfen Sie nicht:<\/p>\n\n\n\n<ol style=\"list-style-type:lower-alpha\" class=\"wp-block-list\">\n<li>Wiederver\u00f6ffentlichung von Text- oder Bildmaterial von Solergy<\/li>\n\n\n\n<li>Material von Solergy verkaufen, vermieten oder unterlizenzieren<\/li>\n\n\n\n<li>Material von Solergy zu reproduzieren, zu duplizieren oder zu kopieren<\/li>\n\n\n\n<li>Inhalte von Solergy weiterverteilen<\/li>\n<\/ol>\n\n\n\n<p>Teile dieser Plattform bieten Nutzern die M\u00f6glichkeit, in bestimmten Bereichen der Plattform Meinungen und Informationen zu ver\u00f6ffentlichen und auszutauschen (Kommentare). Die Solergy GmbH filtert, bearbeitet, ver\u00f6ffentlicht oder \u00fcberpr\u00fcft die Kommentare nicht, bevor sie auf der Plattform ver\u00f6ffentlicht werden. Die Kommentare geben nicht die Ansichten und Meinungen der Solergy GmbH, ihrer Vertreter und\/oder verbundenen Unternehmen wieder. Die Kommentare geben die Ansichten und Meinungen der Personen wieder, die sie ver\u00f6ffentlichen. Soweit nach geltendem Recht zul\u00e4ssig, haftet die Solergy GmbH nicht f\u00fcr die Kommentare oder f\u00fcr jegliche Haftung, Sch\u00e4den oder Ausgaben, die durch die Nutzung und\/oder Ver\u00f6ffentlichung und\/oder das Erscheinen der Kommentare auf dieser Plattform verursacht und\/oder erlitten werden.<\/p>\n\n\n\n<p>Die Solergy GmbH beh\u00e4lt sich das Recht vor, alle Kommentare zu \u00fcberwachen und alle Kommentare zu entfernen, die als unangemessen oder beleidigend angesehen werden k\u00f6nnen oder die gegen die vorliegenden Bedingungen versto\u00dfen.<\/p>\n\n\n\n<p>Sie garantieren und sichern zu, dass:<\/p>\n\n\n\n<ol style=\"list-style-type:lower-alpha\" class=\"wp-block-list\">\n<li>Sie ver\u00f6ffentlichen keine Kommentare auf unserer Plattform, ohne \u00fcber alle erforderlichen Lizenzen und Genehmigungen zu verf\u00fcgen.<\/li>\n\n\n\n<li>Ihre Kommentare verletzen keine geistigen Eigentumsrechte, insbesondere keine Urheberrechte, Patente oder Marken Dritter.<\/li>\n\n\n\n<li>Ihre Kommentare enthalten kein verleumderisches, beleidigendes, anst\u00f6\u00dfiges, unanst\u00e4ndiges oder anderweitig rechtswidriges Material, das eine Verletzung der Privatsph\u00e4re darstellt.<\/li>\n\n\n\n<li>Ihre Kommentare werden nicht dazu verwendet, um f\u00fcr Gesch\u00e4fte oder Gewohnheiten zu werben oder kommerzielle Aktivit\u00e4ten oder ungesetzliche Aktivit\u00e4ten darzustellen.<\/li>\n<\/ol>\n\n\n\n<p>Sie gew\u00e4hren der Solergy GmbH hiermit die Lizenz, Ihre Kommentare f\u00fcr Marketingzwecke (typischerweise f\u00fcr Kundenreferenzen) in allen Medien zu verwenden.<\/p>\n\n\n\n<p><strong>13. Verlinkung zu unserem Inhalt<\/strong><\/p>\n\n\n\n<p>Die folgenden Organisationen d\u00fcrfen ohne vorherige schriftliche Genehmigung auf unsere Plattform verlinken:<\/p>\n\n\n\n<ol style=\"list-style-type:lower-alpha\" class=\"wp-block-list\">\n<li>Regierungsstellen<\/li>\n\n\n\n<li>Suchmaschinen<\/li>\n\n\n\n<li>Nachrichtenorganisationen<\/li>\n\n\n\n<li>Online-Verzeichnis Verteiler<\/li>\n\n\n\n<li>systemweit zugelassene Einrichtungen, mit Ausnahme von Non-Profit-Organisationen, Einkaufszentren f\u00fcr wohlt\u00e4tige Zwecke und Wohlt\u00e4tigkeitsgruppen, die keine Hyperlinks zu unserer Website setzen d\u00fcrfen.<\/li>\n<\/ol>\n\n\n\n<p>Diese Organisationen k\u00f6nnen einen Link zu unserer Homepage, zu Ver\u00f6ffentlichungen oder zu anderen Informationen der Plattform setzen, solange der Link besteht:<\/p>\n\n\n\n<ol style=\"list-style-type:lower-alpha\" class=\"wp-block-list\">\n<li>in keiner Weise tr\u00fcgerisch ist<\/li>\n\n\n\n<li>nicht f\u00e4lschlicherweise den Eindruck erweckt, dass die verlinkende Partei und ihre Produkte und\/oder Dienstleistungen gesponsert, gebilligt oder genehmigt werden<\/li>\n\n\n\n<li>in den Kontext der Website der verlinkenden Partei passt.<\/li>\n<\/ol>\n\n\n\n<p>Wir k\u00f6nnen andere Linkanfragen von den folgenden Arten von Organisationen ber\u00fccksichtigen und genehmigen:<\/p>\n\n\n\n<ol style=\"list-style-type:lower-alpha\" class=\"wp-block-list\">\n<li>Fitness- und Gesundheitsorganisationen und Unternehmen<\/li>\n\n\n\n<li>allgemein bekannte Informationsquellen f\u00fcr Verbraucher und\/oder Unternehmen<\/li>\n\n\n\n<li>dot.com Community-Seiten<\/li>\n\n\n\n<li>Verb\u00e4nde oder andere Gruppen, die Wohlt\u00e4tigkeitsorganisationen vertreten<\/li>\n\n\n\n<li>Online-Verzeichnis Verteiler<\/li>\n\n\n\n<li>Internetportale<\/li>\n\n\n\n<li>Wirtschaftspr\u00fcfungs-, Anwalts- und Beratungsunternehmen sowie<\/li>\n\n\n\n<li>Bildungseinrichtungen und Wirtschaftsverb\u00e4nde.<\/li>\n<\/ol>\n\n\n\n<p>Wir werden Linkanfragen von diesen Organisationen genehmigen, wenn wir entscheiden, dass: (a) der Link uns oder unsere akkreditierten Unternehmen nicht in ein schlechtes Licht r\u00fccken w\u00fcrde; (b) die Organisation keine negativen Eintr\u00e4ge bei uns hat; (c) der Nutzen, den wir aus der Sichtbarkeit des Hyperlinks ziehen, die Abwesenheit der Solergy GmbH kompensiert; und (d) der Link im Zusammenhang mit allgemeinen Informationen steht.<\/p>\n\n\n\n<p>Diese Organisationen d\u00fcrfen auf unsere Homepage verlinken, solange der Link: (a) in keiner Weise irref\u00fchrend ist; (b) nicht f\u00e4lschlicherweise eine F\u00f6rderung, Bef\u00fcrwortung oder Genehmigung der verlinkenden Partei und ihrer Produkte oder Dienstleistungen impliziert; und (c) in den Kontext der Website der verlinkenden Partei passt.<\/p>\n\n\n\n<p>Wenn Sie eine der oben aufgef\u00fchrten Organisationen sind und an einer Verlinkung zu unserer Plattform interessiert sind, m\u00fcssen Sie uns dar\u00fcber informieren, indem Sie eine E-Mail an die Solergy GmbH schicken. Bitte f\u00fcgen Sie Ihren Namen, den Namen Ihrer Organisation, Ihre Kontaktinformationen sowie die URL Ihrer Website, eine Liste aller URLs, von denen Sie auf unsere Plattform verlinken m\u00f6chten, und eine Liste der URLs auf unserer Website, auf die Sie verlinken m\u00f6chten, bei. Es kann sein, dass wir 2-3 Tage brauchen, um Ihnen zu antworten.<\/p>\n\n\n\n<p>Zugelassene Organisationen k\u00f6nnen Hyperlinks zu unserer Plattform wie folgt setzen:<\/p>\n\n\n\n<ol style=\"list-style-type:lower-alpha\" class=\"wp-block-list\">\n<li>Durch die Verwendung unseres Firmennamens; oder<\/li>\n\n\n\n<li>Durch die Verwendung des einheitlichen Ressourcen-Locators, auf den verlinkt wird; oder<\/li>\n\n\n\n<li>Durch die Verwendung einer anderen Beschreibung unserer Plattform, auf die verlinkt wird, die im Kontext und im Format der Inhalte auf der Seite der verlinkenden Partei Sinn macht.<\/li>\n<\/ol>\n\n\n\n<p>Die Verwendung des Solergy-Logos oder anderer Grafiken zum Zwecke der Verlinkung ist ohne eine Markenlizenzvereinbarung nicht gestattet.<\/p>\n\n\n\n<p><strong>14. iFrames<\/strong><\/p>\n\n\n\n<p>Ohne vorherige Genehmigung und schriftliche Zustimmung d\u00fcrfen Sie keine Rahmen um unsere Webseiten erstellen, die die visuelle Pr\u00e4sentation oder das Erscheinungsbild unserer Plattform in irgendeiner Weise ver\u00e4ndern.<\/p>\n\n\n\n<p><strong>15. Inhaltliche Haftung<\/strong><\/p>\n\n\n\n<p>Wir k\u00f6nnen nicht f\u00fcr Inhalte verantwortlich gemacht werden, die auf Ihrer Plattform erscheinen. Sie verpflichten sich, uns gegen alle Anspr\u00fcche zu sch\u00fctzen und zu verteidigen, die auf Ihrer Plattform erhoben werden. Es d\u00fcrfen keine Links auf einer Plattform erscheinen, die als verleumderisch, obsz\u00f6n oder kriminell ausgelegt werden k\u00f6nnen oder die Rechte Dritter verletzen, anderweitig verletzen oder die Verletzung oder sonstige Verletzung von Rechten Dritter bef\u00fcrworten.<\/p>\n\n\n\n<p><strong>16. Ihre Privatsph\u00e4re<\/strong><\/p>\n\n\n\n<p>Bitte lesen Sie unser <a href=\"https:\/\/solergy.ch\/de\/datenschutz\/\" data-type=\"link\" data-id=\"https:\/\/solergy.ch\/data-privacy\/\">Datenschutzbestimmungen<\/a>.<\/p>\n\n\n\n<p><strong>17. Vorbehalt der Rechte<\/strong><\/p>\n\n\n\n<p>Wir behalten uns das Recht vor, Sie aufzufordern, alle Links oder einen bestimmten Link zu unserer Plattform zu entfernen. Sie verpflichten sich, alle Links zu unserer Plattform auf Verlangen unverz\u00fcglich zu entfernen. Wir behalten uns au\u00dferdem das Recht vor, diese Allgemeinen Gesch\u00e4ftsbedingungen und die Link-Richtlinie jederzeit zu \u00e4ndern. Indem Sie weiterhin auf unsere Plattform verlinken, erkl\u00e4ren Sie sich damit einverstanden, diese Link-Bedingungen zu befolgen.<\/p>\n\n\n\n<p><strong>18. Entfernung von Links von unserer Plattform<\/strong><\/p>\n\n\n\n<p>Wenn Sie auf unserer Plattform einen Link finden, der aus irgendeinem Grund anst\u00f6\u00dfig ist, k\u00f6nnen Sie uns jederzeit kontaktieren und informieren. Wir werden Anfragen zur Entfernung von Links pr\u00fcfen, sind aber nicht verpflichtet, dies zu tun oder Ihnen direkt zu antworten.<\/p>\n\n\n\n<p>Wir stellen nicht sicher, dass die Informationen auf dieser Plattform korrekt sind, wir garantieren nicht f\u00fcr ihre Vollst\u00e4ndigkeit oder Genauigkeit; wir versprechen auch nicht, dass die Plattform verf\u00fcgbar bleibt oder dass das Material auf der Plattform auf dem neuesten Stand gehalten wird.<\/p>\n\n\n\n<p><strong>19. Haftungsausschluss und Haftung<\/strong><\/p>\n\n\n\n<p>Soweit dies nach geltendem Recht zul\u00e4ssig ist, schlie\u00dfen wir alle Zusicherungen, Garantien und Bedingungen im Zusammenhang mit unserer Plattform und der Nutzung dieser Plattform aus. Wir schlie\u00dfen jedoch die gesamte Haftung im Zusammenhang mit unserer Webseite aus, au\u00dfer f\u00fcr rechtswidrige Absicht oder grobe Fahrl\u00e4ssigkeit.<\/p>\n\n\n\n<p>Solergy haftet nur f\u00fcr Sch\u00e4den, die durch grobe Fahrl\u00e4ssigkeit oder Vorsatz verursacht wurden. Solergy haftet nicht f\u00fcr seine Erf\u00fcllungsgehilfen oder Dritte.<\/p>\n\n\n\n<p><strong>20. Geltendes Recht und Gerichtsbarkeit<\/strong><\/p>\n\n\n\n<p style=\"padding-bottom:var(--wp--preset--spacing--70)\">Alle m\u00f6glichen Streitigkeiten und Rechtsangelegenheiten, die sich aus oder im Zusammenhang mit diesen Allgemeinen Gesch\u00e4ftsbedingungen ergeben, unterliegen ausschlie\u00dflich dem Schweizer Recht.<\/p>\n\n\n\n<p><\/p>","protected":false},"excerpt":{"rendered":"<p>Allgemeine Gesch\u00e4ftsbedingungen Diese englische Version unseres Webshops ist nur zu Ihrer Bequemlichkeit. Die deutsche Version ist die einzige rechtlich g\u00fcltige Version der Allgemeinen Gesch\u00e4ftsbedingungen. Allgemeine Gesch\u00e4ftsbedingungen der Solergy GmbH und solergy.ch Zuletzt ge\u00e4ndert am: 25.09.2023 1. Einleitung Diese Gesch\u00e4ftsbedingungen umrei\u00dfen die Regeln und Vorschriften f\u00fcr die Nutzung von Solergy [...]<\/p>","protected":false},"author":1,"featured_media":0,"parent":0,"menu_order":0,"comment_status":"closed","ping_status":"closed","template":"elementor_theme","meta":{"site-sidebar-layout":"no-sidebar","site-content-layout":"plain-container","ast-site-content-layout":"normal-width-container","site-content-style":"boxed","site-sidebar-style":"unboxed","ast-global-header-display":"","ast-banner-title-visibility":"","ast-main-header-display":"","ast-hfb-above-header-display":"","ast-hfb-below-header-display":"","ast-hfb-mobile-header-display":"","site-post-title":"disabled","ast-breadcrumbs-content":"","ast-featured-img":"","footer-sml-layout":"","theme-transparent-header-meta":"","adv-header-id-meta":"","stick-header-meta":"","header-above-stick-meta":"","header-main-stick-meta":"","header-below-stick-meta":"","astra-migrate-meta-layouts":"set","ast-page-background-enabled":"default","ast-page-background-meta":{"desktop":{"background-color":"","background-image":"","background-repeat":"repeat","background-position":"center center","background-size":"auto","background-attachment":"scroll","background-type":"","background-media":"","overlay-type":"","overlay-color":"","overlay-opacity":"","overlay-gradient":""},"tablet":{"background-color":"","background-image":"","background-repeat":"repeat","background-position":"center center","background-size":"auto","background-attachment":"scroll","background-type":"","background-media":"","overlay-type":"","overlay-color":"","overlay-opacity":"","overlay-gradient":""},"mobile":{"background-color":"","background-image":"","background-repeat":"repeat","background-position":"center center","background-size":"auto","background-attachment":"scroll","background-type":"","background-media":"","overlay-type":"","overlay-color":"","overlay-opacity":"","overlay-gradient":""}},"ast-content-background-meta":{"desktop":{"background-color":"var(--ast-global-color-5)","background-image":"","background-repeat":"repeat","background-position":"center center","background-size":"auto","background-attachment":"scroll","background-type":"","background-media":"","overlay-type":"","overlay-color":"","overlay-opacity":"","overlay-gradient":""},"tablet":{"background-color":"var(--ast-global-color-5)","background-image":"","background-repeat":"repeat","background-position":"center center","background-size":"auto","background-attachment":"scroll","background-type":"","background-media":"","overlay-type":"","overlay-color":"","overlay-opacity":"","overlay-gradient":""},"mobile":{"background-color":"var(--ast-global-color-5)","background-image":"","background-repeat":"repeat","background-position":"center center","background-size":"auto","background-attachment":"scroll","background-type":"","background-media":"","overlay-type":"","overlay-color":"","overlay-opacity":"","overlay-gradient":""}},"footnotes":""},"class_list":["post-683","page","type-page","status-publish","hentry"],"_links":{"self":[{"href":"https:\/\/solergy.ch\/de\/wp-json\/wp\/v2\/pages\/683","targetHints":{"allow":["GET"]}}],"collection":[{"href":"https:\/\/solergy.ch\/de\/wp-json\/wp\/v2\/pages"}],"about":[{"href":"https:\/\/solergy.ch\/de\/wp-json\/wp\/v2\/types\/page"}],"author":[{"embeddable":true,"href":"https:\/\/solergy.ch\/de\/wp-json\/wp\/v2\/users\/1"}],"replies":[{"embeddable":true,"href":"https:\/\/solergy.ch\/de\/wp-json\/wp\/v2\/comments?post=683"}],"version-history":[{"count":30,"href":"https:\/\/solergy.ch\/de\/wp-json\/wp\/v2\/pages\/683\/revisions"}],"predecessor-version":[{"id":3491,"href":"https:\/\/solergy.ch\/de\/wp-json\/wp\/v2\/pages\/683\/revisions\/3491"}],"wp:attachment":[{"href":"https:\/\/solergy.ch\/de\/wp-json\/wp\/v2\/media?parent=683"}],"curies":[{"name":"wp","href":"https:\/\/api.w.org\/{rel}","templated":true}]}}