{"id":742,"date":"2022-05-21T14:14:27","date_gmt":"2022-05-21T12:14:27","guid":{"rendered":"https:\/\/solergy.ch\/?page_id=742"},"modified":"2024-12-10T12:36:06","modified_gmt":"2024-12-10T10:36:06","slug":"uber-uns","status":"publish","type":"page","link":"https:\/\/solergy.ch\/de\/uber-uns\/","title":{"rendered":"\u00dcber uns"},"content":{"rendered":"<h1 class=\"wp-block-heading\"><strong>\u00dcber Solergy<\/strong><\/h1>\n\n\n\n<p><\/p>\n\n\n\n<p>Es begann alles im Jahr 2020 beim #VersusVirus Hackathon und Climathon, die von <a href=\"https:\/\/www.impacthub.ch\/\" target=\"_blank\" rel=\"noreferrer noopener\"><strong>Impact Hub Schweiz<\/strong><\/a> organisiert wurden, als Solergy von einer Gruppe von Experten aus den Bereichen Energie, Ingenieurwesen, Informationstechnologie, Recht und Umwelt ins Leben gerufen wurde. Wir alle hatten eines gemeinsam: unser Engagement f\u00fcr nachhaltige Energie.<\/p>\n\n\n\n<figure class=\"wp-block-image alignright is-style-rounded wp-duotone-unset-1\"><img fetchpriority=\"high\" decoding=\"async\" width=\"300\" height=\"264\" src=\"https:\/\/solergy.ch\/wp-content\/uploads\/2024\/02\/ecoearth-300x264.png\" alt=\"\" class=\"wp-image-2872\" title=\"rechts-img-gerundet\" srcset=\"https:\/\/solergy.ch\/wp-content\/uploads\/2024\/02\/ecoearth-300x264.png 300w, https:\/\/solergy.ch\/wp-content\/uploads\/2024\/02\/ecoearth-600x528.png 600w, https:\/\/solergy.ch\/wp-content\/uploads\/2024\/02\/ecoearth-768x676.png 768w, https:\/\/solergy.ch\/wp-content\/uploads\/2024\/02\/ecoearth-14x12.png 14w, https:\/\/solergy.ch\/wp-content\/uploads\/2024\/02\/ecoearth.png 1022w\" sizes=\"(max-width: 300px) 100vw, 300px\" \/><\/figure>\n\n\n\n<p>Unsere Mission ist es, die Energiewende in der Schweiz voranzutreiben, indem wir die Solarenergie f\u00fcr alle zug\u00e4nglich machen, die mit D\u00e4chern, Investitionen oder Stromverbrauch dazu beitragen k\u00f6nnen.<\/p>\n\n\n\n<p>Mit Sitz im Aargau bieten wir ein Modell, das Folgendes zusammenbringt <a href=\"https:\/\/solergy.ch\/de\/kostenlose-photovoltaikanlage-fur-eigentumer\/\" data-type=\"page\" data-id=\"1146\"><strong>Immobilienbesitzer<\/strong><\/a>, <strong><a href=\"https:\/\/solergy.ch\/de\/investition-in-photovoltaikanlagen\/\" data-type=\"page\" data-id=\"1480\">Investoren<\/a><\/strong> und <strong><a href=\"https:\/\/solergy.ch\/de\/solarstrom-fur-mieter\/\" data-type=\"page\" data-id=\"1513\">P\u00e4chter<\/a><\/strong>.<\/p>\n\n\n\n<p>Diese L\u00f6sung erm\u00f6glicht es Geb\u00e4udeeigent\u00fcmern, von Solaranlagen auf ihren D\u00e4chern zu profitieren, ohne dass sie Investitionen vornehmen oder sich um den damit verbundenen Verwaltungsaufwand k\u00fcmmern m\u00fcssen. Optional k\u00f6nnen sie sogar von Steuervorteilen profitieren, wenn sie sich f\u00fcr eine Beteiligung an der Investition entscheiden.<\/p>\n\n\n\n<p>Wir gehen davon aus, dass dank dieser L\u00f6sung viele D\u00e4cher in der Schweiz mit Solarpaneelen bedeckt werden, die sonst leer stehen w\u00fcrden, entweder weil der Eigent\u00fcmer nicht in dem Geb\u00e4ude wohnt und daher finanziell nicht dazu motiviert ist, in Solarenergie zu investieren, oder weil er nicht so viel Kapital ausgeben m\u00f6chte, wie eine vollst\u00e4ndige Solaranlage erfordert.<\/p>\n\n\n\n<p>Unsere L\u00f6sung erm\u00f6glicht es auch Mietern (Bewohnern und Unternehmen, die ihren Wohn- oder Arbeitsraum mieten), Solarstrom zu nutzen und sogar in ihn zu investieren und Gewinne zu erzielen, ohne dass sie Eigent\u00fcmer des Daches sind.<\/p>\n\n\n\n<p>Wir sind davon \u00fcberzeugt, dass der Umstieg auf und die <strong><a href=\"https:\/\/solergy.ch\/de\/warum-in-solarenergie-in-der-schweiz-investieren\/\" data-type=\"page\" data-id=\"2691\">Investitionen in erneuerbare Energien<\/a><\/strong> direkt zur Verbesserung der Boden-, Luft- und Wasserqualit\u00e4t in der Schweiz beitr\u00e4gt, da sie im Vergleich zum Einsatz fossiler Brennstoffe weniger Treibhausgasemissionen verursacht.<\/p>\n\n\n\n<p>Unterst\u00fctzen Sie uns noch heute im Kampf gegen den Klimawandel!<\/p>","protected":false},"excerpt":{"rendered":"<p>\u00dcber Solergy Alles begann beim #VersusVirus Hackathon und Climathon, organisiert von Impact Hub Switzerland im Jahr 2020, wo Solergy von einer Gruppe von Experten aus den Bereichen Technik, Informationstechnologie, Energie, Recht und Umwelt ins Leben gerufen wurde. Wir alle hatten eines gemeinsam: unser Engagement f\u00fcr gr\u00fcne Energie. Unsere Mission ist es, die [...]<\/p>","protected":false},"author":5,"featured_media":0,"parent":0,"menu_order":0,"comment_status":"closed","ping_status":"closed","template":"descpage.php","meta":{"site-sidebar-layout":"default","site-content-layout":"","ast-site-content-layout":"normal-width-container","site-content-style":"boxed","site-sidebar-style":"default","ast-global-header-display":"","ast-banner-title-visibility":"","ast-main-header-display":"","ast-hfb-above-header-display":"","ast-hfb-below-header-display":"","ast-hfb-mobile-header-display":"","site-post-title":"disabled","ast-breadcrumbs-content":"","ast-featured-img":"","footer-sml-layout":"","theme-transparent-header-meta":"","adv-header-id-meta":"","stick-header-meta":"","header-above-stick-meta":"","header-main-stick-meta":"","header-below-stick-meta":"","astra-migrate-meta-layouts":"set","ast-page-background-enabled":"default","ast-page-background-meta":{"desktop":{"background-color":"","background-image":"","background-repeat":"repeat","background-position":"center center","background-size":"auto","background-attachment":"scroll","background-type":"","background-media":"","overlay-type":"","overlay-color":"","overlay-opacity":"","overlay-gradient":""},"tablet":{"background-color":"","background-image":"","background-repeat":"repeat","background-position":"center center","background-size":"auto","background-attachment":"scroll","background-type":"","background-media":"","overlay-type":"","overlay-color":"","overlay-opacity":"","overlay-gradient":""},"mobile":{"background-color":"","background-image":"","background-repeat":"repeat","background-position":"center center","background-size":"auto","background-attachment":"scroll","background-type":"","background-media":"","overlay-type":"","overlay-color":"","overlay-opacity":"","overlay-gradient":""}},"ast-content-background-meta":{"desktop":{"background-color":"var(--ast-global-color-5)","background-image":"","background-repeat":"repeat","background-position":"center center","background-size":"auto","background-attachment":"scroll","background-type":"","background-media":"","overlay-type":"","overlay-color":"","overlay-opacity":"","overlay-gradient":""},"tablet":{"background-color":"var(--ast-global-color-5)","background-image":"","background-repeat":"repeat","background-position":"center center","background-size":"auto","background-attachment":"scroll","background-type":"","background-media":"","overlay-type":"","overlay-color":"","overlay-opacity":"","overlay-gradient":""},"mobile":{"background-color":"var(--ast-global-color-5)","background-image":"","background-repeat":"repeat","background-position":"center center","background-size":"auto","background-attachment":"scroll","background-type":"","background-media":"","overlay-type":"","overlay-color":"","overlay-opacity":"","overlay-gradient":""}},"footnotes":""},"class_list":["post-742","page","type-page","status-publish","hentry"],"_links":{"self":[{"href":"https:\/\/solergy.ch\/de\/wp-json\/wp\/v2\/pages\/742","targetHints":{"allow":["GET"]}}],"collection":[{"href":"https:\/\/solergy.ch\/de\/wp-json\/wp\/v2\/pages"}],"about":[{"href":"https:\/\/solergy.ch\/de\/wp-json\/wp\/v2\/types\/page"}],"author":[{"embeddable":true,"href":"https:\/\/solergy.ch\/de\/wp-json\/wp\/v2\/users\/5"}],"replies":[{"embeddable":true,"href":"https:\/\/solergy.ch\/de\/wp-json\/wp\/v2\/comments?post=742"}],"version-history":[{"count":9,"href":"https:\/\/solergy.ch\/de\/wp-json\/wp\/v2\/pages\/742\/revisions"}],"predecessor-version":[{"id":3666,"href":"https:\/\/solergy.ch\/de\/wp-json\/wp\/v2\/pages\/742\/revisions\/3666"}],"wp:attachment":[{"href":"https:\/\/solergy.ch\/de\/wp-json\/wp\/v2\/media?parent=742"}],"curies":[{"name":"wp","href":"https:\/\/api.w.org\/{rel}","templated":true}]}}