{"id":3563,"date":"2025-04-05T18:38:46","date_gmt":"2025-04-05T16:38:46","guid":{"rendered":"https:\/\/solergy.ch\/?post_type=product&#038;p=3563"},"modified":"2026-04-17T12:27:15","modified_gmt":"2026-04-17T10:27:15","slug":"solarpanel-auf-einem-reiterhof-in-tatroz-fr","status":"publish","type":"product","link":"https:\/\/solergy.ch\/de\/produkt\/solarpanel-auf-einem-reiterhof-in-tatroz-fr\/","title":{"rendered":"Solarpanel auf einem Reiterhof in Tatroz, Fribourg"},"content":{"rendered":"<p><span style=\"font-weight: 400;\">Unsere Solaranlage ist auf einem Komplex aus zwei Geb\u00e4uden in einer wundersch\u00f6nen h\u00fcgeligen Umgebung im franz\u00f6sischsprachigen Teil der Schweiz, im Kanton Freiburg, installiert.\u00a0<\/span><\/p>\n<p><span style=\"font-weight: 400;\">Solergy kann das Dach \u00fcber einen Mietvertrag 30 Jahre lang nutzen und sich so eine solide Rendite sichern. Die Qualit\u00e4t der Materialien garantiert jedoch einen l\u00e4ngeren Lebenszyklus, von dem die Eigent\u00fcmer des Geb\u00e4udes auch nach der Laufzeit des Projekts profitieren.<\/span><\/p>\n<p><span style=\"font-weight: 400;\">Das Projekt wurde in Zusammenarbeit mit SOLEOL durchgef\u00fchrt, einem renommierten Schweizer Marktf\u00fchrer f\u00fcr die Installation und den Betrieb von Photovoltaik-Anlagen.<\/span><\/p>","protected":false},"excerpt":{"rendered":"<p><span style=\"font-weight: 400;\">Sie haben die Chance, Besitzer einiger der 732 Tafeln dieses Projekts zu werden. Durch den Kauf <strong>eines Solarpanels<\/strong>, k\u00f6nnen Sie jedes Jahr:<\/span><\/p>\n<ul>\n<li><span style=\"font-weight: 400;\">455 kWh Solarenergie produzieren<\/span><\/li>\n<li><span style=\"font-weight: 400;\">220 kg CO2 einsparen<\/span><\/li>\n<li><span style=\"font-weight: 400;\">7-8% Rendite auf Ihre Investition verdienen<\/span><\/li>\n<\/ul>\n<p><span style=\"font-weight: 400;\">Sch\u00fctzen Sie mit uns die Umwelt und fangen Sie sofort an, Geld zu verdienen. Nehmen Sie an unserem Projekt teil, um 4'627 Tonnen CO2 f\u00fcr die Schweiz einzusparen.<\/span><\/p>\n<p><strong><a href=\"https:\/\/solergy.ch\/de\/warum-in-solarenergie-in-der-schweiz-investieren\/\" target=\"_blank\" rel=\"noopener\">Warum in Solarenergie investieren?<\/a><\/strong><\/p>\n<p><strong><a href=\"https:\/\/solergy.ch\/de\/investition-in-photovoltaikanlagen\/#invest-faq\" target=\"_blank\" rel=\"noopener\">H\u00e4ufig gestellte Fragen von Panel-Investoren<\/a><\/strong><\/p>\n<p class=\"MsoNormal\"><span lang=\"EN-US\">Reservieren Sie jetzt Ihr Panel.<\/span><\/p>","protected":false},"featured_media":3624,"template":"","meta":{"site-sidebar-layout":"default","site-content-layout":"default","ast-site-content-layout":"default","site-content-style":"default","site-sidebar-style":"default","ast-global-header-display":"","ast-banner-title-visibility":"","ast-main-header-display":"","ast-hfb-above-header-display":"","ast-hfb-below-header-display":"","ast-hfb-mobile-header-display":"","site-post-title":"","ast-breadcrumbs-content":"","ast-featured-img":"","footer-sml-layout":"","theme-transparent-header-meta":"default","adv-header-id-meta":"","stick-header-meta":"","header-above-stick-meta":"","header-main-stick-meta":"","header-below-stick-meta":"","astra-migrate-meta-layouts":"set","ast-page-background-enabled":"default","ast-page-background-meta":{"desktop":{"background-color":"","background-image":"","background-repeat":"repeat","background-position":"center center","background-size":"auto","background-attachment":"scroll","background-type":"","background-media":"","overlay-type":"","overlay-color":"","overlay-opacity":"","overlay-gradient":""},"tablet":{"background-color":"","background-image":"","background-repeat":"repeat","background-position":"center center","background-size":"auto","background-attachment":"scroll","background-type":"","background-media":"","overlay-type":"","overlay-color":"","overlay-opacity":"","overlay-gradient":""},"mobile":{"background-color":"","background-image":"","background-repeat":"repeat","background-position":"center center","background-size":"auto","background-attachment":"scroll","background-type":"","background-media":"","overlay-type":"","overlay-color":"","overlay-opacity":"","overlay-gradient":""}},"ast-content-background-meta":{"desktop":{"background-color":"var(--ast-global-color-5)","background-image":"","background-repeat":"repeat","background-position":"center center","background-size":"auto","background-attachment":"scroll","background-type":"","background-media":"","overlay-type":"","overlay-color":"","overlay-opacity":"","overlay-gradient":""},"tablet":{"background-color":"var(--ast-global-color-5)","background-image":"","background-repeat":"repeat","background-position":"center center","background-size":"auto","background-attachment":"scroll","background-type":"","background-media":"","overlay-type":"","overlay-color":"","overlay-opacity":"","overlay-gradient":""},"mobile":{"background-color":"var(--ast-global-color-5)","background-image":"","background-repeat":"repeat","background-position":"center center","background-size":"auto","background-attachment":"scroll","background-type":"","background-media":"","overlay-type":"","overlay-color":"","overlay-opacity":"","overlay-gradient":""}}},"product_brand":[],"product_cat":[19,18],"product_tag":[],"class_list":{"0":"post-3563","1":"product","2":"type-product","3":"status-publish","4":"has-post-thumbnail","6":"product_cat-solar-panels","7":"product_cat-solar-panel","8":"desktop-align-left","9":"tablet-align-left","10":"mobile-align-left","11":"ast-product-gallery-layout-horizontal-slider","12":"ast-product-tabs-layout-horizontal","13":"ast-qv-on-image","15":"first","16":"outofstock","17":"featured","18":"virtual","19":"taxable","20":"purchasable","21":"product-type-simple"},"_links":{"self":[{"href":"https:\/\/solergy.ch\/de\/wp-json\/wp\/v2\/product\/3563","targetHints":{"allow":["GET"]}}],"collection":[{"href":"https:\/\/solergy.ch\/de\/wp-json\/wp\/v2\/product"}],"about":[{"href":"https:\/\/solergy.ch\/de\/wp-json\/wp\/v2\/types\/product"}],"wp:featuredmedia":[{"embeddable":true,"href":"https:\/\/solergy.ch\/de\/wp-json\/wp\/v2\/media\/3624"}],"wp:attachment":[{"href":"https:\/\/solergy.ch\/de\/wp-json\/wp\/v2\/media?parent=3563"}],"wp:term":[{"taxonomy":"product_brand","embeddable":true,"href":"https:\/\/solergy.ch\/de\/wp-json\/wp\/v2\/product_brand?post=3563"},{"taxonomy":"product_cat","embeddable":true,"href":"https:\/\/solergy.ch\/de\/wp-json\/wp\/v2\/product_cat?post=3563"},{"taxonomy":"product_tag","embeddable":true,"href":"https:\/\/solergy.ch\/de\/wp-json\/wp\/v2\/product_tag?post=3563"}],"curies":[{"name":"wp","href":"https:\/\/api.w.org\/{rel}","templated":true}]}}