{"id":3567,"date":"2025-04-06T13:33:56","date_gmt":"2025-04-06T11:33:56","guid":{"rendered":"https:\/\/solergy.ch\/?post_type=product&#038;p=3567"},"modified":"2025-10-23T23:39:00","modified_gmt":"2025-10-23T21:39:00","slug":"solarmodul-auf-einem-sagewerk-in-vicques-ju","status":"publish","type":"product","link":"https:\/\/solergy.ch\/de\/produkt\/solarmodul-auf-einem-sagewerk-in-vicques-ju\/","title":{"rendered":"Solarpanel auf einer S\u00e4gem\u00fchle in Vicques, Jura"},"content":{"rendered":"<p><span style=\"font-weight: 400;\">Unsere Solaranlage wird auf einem Komplex aus zwei Geb\u00e4uden in einer wundersch\u00f6nen Landschaft im franz\u00f6sischsprachigen Teil der Schweiz, im Kanton Jura, installiert.\u00a0<\/span><\/p>\n<p><span style=\"font-weight: 400;\">Das Dach des \u00e4lteren, gr\u00f6sseren Geb\u00e4udes wird renoviert, und dann werden beide Geb\u00e4ude vollst\u00e4ndig mit Solarzellen bedeckt, um die Rendite zu maximieren.<\/span><\/p>\n<p><span style=\"font-weight: 400;\">Solergy kann das Dach \u00fcber einen Mietvertrag 30 Jahre lang nutzen und sich so eine solide Rendite sichern. Die Qualit\u00e4t der Materialien garantiert jedoch einen l\u00e4ngeren Lebenszyklus, von dem die Eigent\u00fcmer des Geb\u00e4udes auch nach der Laufzeit des Projekts profitieren.<\/span><\/p>\n<p><span style=\"font-weight: 400;\">Das Projekt wird in Partnerschaft mit SOLEOL durchgef\u00fchrt, einem renommierten Schweizer Marktf\u00fchrer in der Installation und Nutzung von Photovoltaik-Anlagen.<\/span><\/p>","protected":false},"excerpt":{"rendered":"<p><span style=\"font-weight: 400;\">Sie haben die Gelegenheit, Eigent\u00fcmer einiger der 1000 Panels in diesem Projekt zu werden. Durch den Kauf eines Solarpanels k\u00f6nnen Sie j\u00e4hrlich:<\/span><\/p>\n<ul>\n<li><span style=\"font-weight: 400;\">440 kWh Solarenergie produzieren<\/span><\/li>\n<li><span style=\"font-weight: 400;\">210 kg CO2 einsparen<\/span><\/li>\n<li><span style=\"font-weight: 400;\">6% Rendite auf Ihre Investition verdienen<\/span><\/li>\n<\/ul>\n<p><span style=\"font-weight: 400;\">Sch\u00fctzen Sie mit uns die Umwelt und fangen Sie sofort an, Geld zu verdienen. Nehmen Sie an unserem Projekt teil, um 6'000 Tonnen CO2 f\u00fcr die Schweiz einzusparen.<\/span><\/p>\n<p><strong><a href=\"https:\/\/solergy.ch\/de\/warum-in-solarenergie-in-der-schweiz-investieren\/\" target=\"_blank\" rel=\"noopener\">Warum in Solarenergie investieren?<\/a><\/strong><\/p>\n<p><strong><a href=\"https:\/\/solergy.ch\/de\/investition-in-photovoltaikanlagen\/#invest-faq\" target=\"_blank\" rel=\"noopener\">H\u00e4ufig gestellte Fragen von Panel-Investoren<\/a><\/strong><\/p>\n<p class=\"MsoNormal\"><span lang=\"EN-US\">Reservieren Sie jetzt Ihr Panel.<\/span><\/p>","protected":false},"featured_media":3568,"template":"","meta":{"site-sidebar-layout":"default","site-content-layout":"default","ast-site-content-layout":"default","site-content-style":"default","site-sidebar-style":"default","ast-global-header-display":"","ast-banner-title-visibility":"","ast-main-header-display":"","ast-hfb-above-header-display":"","ast-hfb-below-header-display":"","ast-hfb-mobile-header-display":"","site-post-title":"","ast-breadcrumbs-content":"","ast-featured-img":"","footer-sml-layout":"","theme-transparent-header-meta":"default","adv-header-id-meta":"","stick-header-meta":"","header-above-stick-meta":"","header-main-stick-meta":"","header-below-stick-meta":"","astra-migrate-meta-layouts":"set","ast-page-background-enabled":"default","ast-page-background-meta":{"desktop":{"background-color":"","background-image":"","background-repeat":"repeat","background-position":"center center","background-size":"auto","background-attachment":"scroll","background-type":"","background-media":"","overlay-type":"","overlay-color":"","overlay-opacity":"","overlay-gradient":""},"tablet":{"background-color":"","background-image":"","background-repeat":"repeat","background-position":"center center","background-size":"auto","background-attachment":"scroll","background-type":"","background-media":"","overlay-type":"","overlay-color":"","overlay-opacity":"","overlay-gradient":""},"mobile":{"background-color":"","background-image":"","background-repeat":"repeat","background-position":"center center","background-size":"auto","background-attachment":"scroll","background-type":"","background-media":"","overlay-type":"","overlay-color":"","overlay-opacity":"","overlay-gradient":""}},"ast-content-background-meta":{"desktop":{"background-color":"var(--ast-global-color-5)","background-image":"","background-repeat":"repeat","background-position":"center center","background-size":"auto","background-attachment":"scroll","background-type":"","background-media":"","overlay-type":"","overlay-color":"","overlay-opacity":"","overlay-gradient":""},"tablet":{"background-color":"var(--ast-global-color-5)","background-image":"","background-repeat":"repeat","background-position":"center center","background-size":"auto","background-attachment":"scroll","background-type":"","background-media":"","overlay-type":"","overlay-color":"","overlay-opacity":"","overlay-gradient":""},"mobile":{"background-color":"var(--ast-global-color-5)","background-image":"","background-repeat":"repeat","background-position":"center center","background-size":"auto","background-attachment":"scroll","background-type":"","background-media":"","overlay-type":"","overlay-color":"","overlay-opacity":"","overlay-gradient":""}}},"product_brand":[],"product_cat":[19,18],"product_tag":[],"class_list":{"0":"post-3567","1":"product","2":"type-product","3":"status-publish","4":"has-post-thumbnail","6":"product_cat-solar-panels","7":"product_cat-solar-panel","8":"desktop-align-left","9":"tablet-align-left","10":"mobile-align-left","11":"ast-product-gallery-layout-horizontal-slider","12":"ast-product-gallery-with-no-image","13":"ast-product-tabs-layout-horizontal","14":"ast-qv-on-image","16":"first","17":"outofstock","18":"featured","19":"virtual","20":"taxable","21":"purchasable","22":"product-type-simple"},"_links":{"self":[{"href":"https:\/\/solergy.ch\/de\/wp-json\/wp\/v2\/product\/3567","targetHints":{"allow":["GET"]}}],"collection":[{"href":"https:\/\/solergy.ch\/de\/wp-json\/wp\/v2\/product"}],"about":[{"href":"https:\/\/solergy.ch\/de\/wp-json\/wp\/v2\/types\/product"}],"wp:featuredmedia":[{"embeddable":true,"href":"https:\/\/solergy.ch\/de\/wp-json\/wp\/v2\/media\/3568"}],"wp:attachment":[{"href":"https:\/\/solergy.ch\/de\/wp-json\/wp\/v2\/media?parent=3567"}],"wp:term":[{"taxonomy":"product_brand","embeddable":true,"href":"https:\/\/solergy.ch\/de\/wp-json\/wp\/v2\/product_brand?post=3567"},{"taxonomy":"product_cat","embeddable":true,"href":"https:\/\/solergy.ch\/de\/wp-json\/wp\/v2\/product_cat?post=3567"},{"taxonomy":"product_tag","embeddable":true,"href":"https:\/\/solergy.ch\/de\/wp-json\/wp\/v2\/product_tag?post=3567"}],"curies":[{"name":"wp","href":"https:\/\/api.w.org\/{rel}","templated":true}]}}