{"id":4068,"date":"2026-01-12T10:29:02","date_gmt":"2026-01-12T08:29:02","guid":{"rendered":"https:\/\/solergy.ch\/?post_type=product&#038;p=4068"},"modified":"2026-01-13T17:55:43","modified_gmt":"2026-01-13T15:55:43","slug":"11-apartment-condo-building-muhen","status":"publish","type":"product","link":"https:\/\/solergy.ch\/de\/produkt\/11-apartment-condo-building-muhen\/","title":{"rendered":"Solarmodul auf einem Mehrfamilienhaus mit 11 Wohnungen in Muhen, Aargau"},"content":{"rendered":"<p>Dieses Geb\u00e4ude mit einer sch\u00f6nen Umgebung bietet den Besitzern von Solarpaneelen eine gute Rendite. 11 Wohnungen und eine W\u00e4rmepumpe sorgen daf\u00fcr, dass der Gro\u00dfteil des Stroms vor Ort verbraucht wird.<\/p>\n<p>Solergy kann das Dach \u00fcber einen Mietvertrag 30 Jahre lang nutzen und sich so eine solide Rendite sichern. Die Qualit\u00e4t der Materialien garantiert jedoch einen l\u00e4ngeren Lebenszyklus, von dem die Eigent\u00fcmer des Geb\u00e4udes auch nach der Laufzeit des Projekts profitieren.<\/p>\n<p>Die Eigent\u00fcmer und Mieter, die in den Wohnungen leben, nutzen nachhaltige gr\u00fcne Energie zu niedrigeren Preisen als dem Marktpreis und haben die M\u00f6glichkeit, mit einem Betrag ihrer Wahl in die Anlage zu investieren. Die Investitionsrendite wird durch den Verkauf von Strom im Haus und an das Versorgungsunternehmen gesichert.<\/p>\n<p>Das Dach ist vollst\u00e4ndig sonnig, ohne Schatten durch B\u00e4ume oder benachbarte Geb\u00e4ude, und bietet somit sehr gute Bedingungen f\u00fcr die Stromerzeugung w\u00e4hrend des gesamten Tages und des gesamten Jahres. Die Photovoltaikanlage sowie alle Materialien, die elektrische Installation und die mechanische Montage bestehen aus hochwertigen Komponenten von branchenf\u00fchrenden Herstellern und entsprechen den geltenden Normen und Vorschriften. Die Anlage ist gegen Sch\u00e4den und ungeplante Ausf\u00e4lle versichert.<\/p>","protected":false},"excerpt":{"rendered":"<p>Es handelt sich um ein Geb\u00e4ude mit 11 Wohnungen, das dank einer W\u00e4rmepumpe, die zum Heizen verwendet wird, einen hohen lokalen Strombedarf hat.<\/p>\n<p>Werden Sie Miteigent\u00fcmer*in einiger der 94 Solarpanels, die auf diesem Dach installiert sind, und profitieren Sie von den Erl\u00f6sen aus dem Stromverkauf im Geb\u00e4ude und ins \u00f6ffentliche Netz. Solergy betreibt die Anlage und k\u00fcmmert sich um alles \u2013 Sie geniessen einfach die Ertr\u00e4ge Ihres Sachwerts.<\/p>\n<p>Die Lebensdauer des Projekts betr\u00e4gt 30 Jahre, aber Sie k\u00f6nnen Ihre Panels jederzeit verkaufen.<\/p>\n<p>Ihre Investition erfolgt in Form eines Sachwerts - mit dem Kauf eines Solarmoduls f\u00fcr 30 Jahre k\u00f6nnen Sie <strong>j\u00e4hrlich<\/strong>:<\/p>\n<p class=\"MsoNormal translation-block\" style=\"margin-left: 36.0pt; text-indent: -18.0pt;\"><span lang=\"en-CH\" style=\"font-family: Wingdings\">\u2022 <\/span><span lang=\"EN-CH\"><strong>8 %<\/strong> Auszahlung auf Ihre Investition verdienen<\/span><\/p>\n<p class=\"MsoNormal\" style=\"margin-left: 36.0pt; text-indent: -18.0pt;\"><span lang=\"en-CH\" style=\"font-family: Wingdings;\">- <\/span><span lang=\"EN-US\">produzieren <strong>485 kWh<\/strong> Sonnenenergie<\/span><\/p>\n<p class=\"MsoNormal\" style=\"margin-left: 36.0pt; text-indent: -18.0pt;\"><span lang=\"en-CH\" style=\"font-family: Wingdings;\">- <\/span><span lang=\"EN-US\">speichern <strong>213 kg<\/strong> CO2<\/span><\/p>\n<p class=\"MsoNormal\"><span lang=\"EN-US\">Retten Sie die Umwelt und beginnen Sie sofort zu verdienen. Nehmen Sie an unserem Projekt teil und sparen Sie 735 Tonnen CO2 f\u00fcr die Schweiz.<\/span><\/p>\n<p><strong><a href=\"https:\/\/solergy.ch\/de\/warum-in-solarenergie-in-der-schweiz-investieren\/\" target=\"_blank\" rel=\"noopener\">Warum in Solarenergie investieren?<\/a><\/strong><\/p>\n<p><strong><a href=\"https:\/\/solergy.ch\/de\/investition-in-photovoltaikanlagen\/#invest-faq\" target=\"_blank\" rel=\"noopener\">H\u00e4ufig gestellte Fragen von Panel-Investoren<\/a><\/strong><\/p>\n<p><strong>Was im Panelpreis enthalten ist<br \/>\n<\/strong>In unserem Modell stellt jedes Solarpanel einen Miteigentumsanteil an einer Solaranlage dar. Der Preis deckt die anteiligen Kosten f\u00fcr die Panels, den Wechselrichter, die Verkabelung, die Batterien, die Installation und alles andere, was f\u00fcr den Betrieb der Solaranlage ben\u00f6tigt wird, damit sie Strom produzieren kann, aus dessen Verkauf wir die Panelbesitzer \u00fcber 30 Jahre hinweg verg\u00fcten. Das erkl\u00e4rt auch, warum der Preis f\u00fcr die Panels bei jedem Projekt anders ist.<\/p>","protected":false},"featured_media":4069,"template":"","meta":{"site-sidebar-layout":"default","site-content-layout":"default","ast-site-content-layout":"default","site-content-style":"default","site-sidebar-style":"default","ast-global-header-display":"","ast-banner-title-visibility":"","ast-main-header-display":"","ast-hfb-above-header-display":"","ast-hfb-below-header-display":"","ast-hfb-mobile-header-display":"","site-post-title":"","ast-breadcrumbs-content":"","ast-featured-img":"","footer-sml-layout":"","theme-transparent-header-meta":"default","adv-header-id-meta":"","stick-header-meta":"","header-above-stick-meta":"","header-main-stick-meta":"","header-below-stick-meta":"","astra-migrate-meta-layouts":"set","ast-page-background-enabled":"default","ast-page-background-meta":{"desktop":{"background-color":"","background-image":"","background-repeat":"repeat","background-position":"center center","background-size":"auto","background-attachment":"scroll","background-type":"","background-media":"","overlay-type":"","overlay-color":"","overlay-opacity":"","overlay-gradient":""},"tablet":{"background-color":"","background-image":"","background-repeat":"repeat","background-position":"center center","background-size":"auto","background-attachment":"scroll","background-type":"","background-media":"","overlay-type":"","overlay-color":"","overlay-opacity":"","overlay-gradient":""},"mobile":{"background-color":"","background-image":"","background-repeat":"repeat","background-position":"center center","background-size":"auto","background-attachment":"scroll","background-type":"","background-media":"","overlay-type":"","overlay-color":"","overlay-opacity":"","overlay-gradient":""}},"ast-content-background-meta":{"desktop":{"background-color":"var(--ast-global-color-5)","background-image":"","background-repeat":"repeat","background-position":"center center","background-size":"auto","background-attachment":"scroll","background-type":"","background-media":"","overlay-type":"","overlay-color":"","overlay-opacity":"","overlay-gradient":""},"tablet":{"background-color":"var(--ast-global-color-5)","background-image":"","background-repeat":"repeat","background-position":"center center","background-size":"auto","background-attachment":"scroll","background-type":"","background-media":"","overlay-type":"","overlay-color":"","overlay-opacity":"","overlay-gradient":""},"mobile":{"background-color":"var(--ast-global-color-5)","background-image":"","background-repeat":"repeat","background-position":"center center","background-size":"auto","background-attachment":"scroll","background-type":"","background-media":"","overlay-type":"","overlay-color":"","overlay-opacity":"","overlay-gradient":""}}},"product_brand":[],"product_cat":[19,18,62,63],"product_tag":[],"class_list":{"0":"post-4068","1":"product","2":"type-product","3":"status-publish","4":"has-post-thumbnail","6":"product_cat-solar-panels","7":"product_cat-solar-panel","8":"product_cat-investment","9":"product_cat-muhenhaupt20","10":"desktop-align-left","11":"tablet-align-left","12":"mobile-align-left","13":"ast-product-gallery-layout-horizontal-slider","14":"ast-product-tabs-layout-horizontal","15":"ast-qv-on-image","17":"first","18":"instock","19":"featured","20":"virtual","21":"taxable","22":"purchasable","23":"product-type-simple"},"_links":{"self":[{"href":"https:\/\/solergy.ch\/de\/wp-json\/wp\/v2\/product\/4068","targetHints":{"allow":["GET"]}}],"collection":[{"href":"https:\/\/solergy.ch\/de\/wp-json\/wp\/v2\/product"}],"about":[{"href":"https:\/\/solergy.ch\/de\/wp-json\/wp\/v2\/types\/product"}],"wp:featuredmedia":[{"embeddable":true,"href":"https:\/\/solergy.ch\/de\/wp-json\/wp\/v2\/media\/4069"}],"wp:attachment":[{"href":"https:\/\/solergy.ch\/de\/wp-json\/wp\/v2\/media?parent=4068"}],"wp:term":[{"taxonomy":"product_brand","embeddable":true,"href":"https:\/\/solergy.ch\/de\/wp-json\/wp\/v2\/product_brand?post=4068"},{"taxonomy":"product_cat","embeddable":true,"href":"https:\/\/solergy.ch\/de\/wp-json\/wp\/v2\/product_cat?post=4068"},{"taxonomy":"product_tag","embeddable":true,"href":"https:\/\/solergy.ch\/de\/wp-json\/wp\/v2\/product_tag?post=4068"}],"curies":[{"name":"wp","href":"https:\/\/api.w.org\/{rel}","templated":true}]}}