{"id":684,"date":"2022-03-24T22:16:38","date_gmt":"2022-03-24T20:16:38","guid":{"rendered":"https:\/\/solergy.ch\/?post_type=product&#038;p=684"},"modified":"2025-11-28T21:03:04","modified_gmt":"2025-11-28T19:03:04","slug":"solarpanels-in-menziken","status":"publish","type":"product","link":"https:\/\/solergy.ch\/de\/produkt\/solarpanels-in-menziken\/","title":{"rendered":"Solarpanel auf einem Mehrfamilienhaus in Menziken, AG"},"content":{"rendered":"<p class=\"MsoNormal\"><span lang=\"EN-US\">Im Jahr 2023 wurden in dem Geb\u00e4ude umfangreiche Renovierungs- und energetische Modernisierungsarbeiten durchgef\u00fchrt. Diese Massnahmen fielen zeitlich mit steigenden Energiepreisen und der Unsicherheit \u00fcber die langfristige Stromversorgung zusammen. Infolgedessen entschieden sich die Eigent\u00fcmer des Geb\u00e4udes daf\u00fcr, ihre nachhaltige Energieversorgung durch den Bezug von Solarstrom zu gew\u00e4hrleisten. Es war der ideale Zeitpunkt, um eine Photovoltaikanlage auf dem Dach zu installieren, die problemlos 30+ Jahre lang zum Nutzen der Mieter betrieben werden kann. <\/span><\/p>\n<p class=\"MsoNormal\"><span lang=\"EN-US\">Eine Einigung zwischen mehreren Eigent\u00fcmern \u00fcber Kosten und Ausgaben ist nie einfach. Hier kam das Solergy-Modell ins Spiel und erwies sich als \u00e4usserst hilfreich. Wir haben einen Teil der Finanzierung f\u00fcr die Anlage aus Investitionsmitteln gedeckt, sodass keine Kosten f\u00fcr die Eigent\u00fcmer entstanden. Jetzt nutzen die Eigent\u00fcmer und Mieter in den Wohnungen nachhaltige gr\u00fcne Energie zu Preisen, die unter dem Marktpreis liegen. Zus\u00e4tzlich haben sie die M\u00f6glichkeit, nach eigenem Ermessen in die Anlage zu investieren. Die Rendite der Investition wird durch den Verkauf von Strom im Geb\u00e4ude und an das Versorgungsunternehmen gesichert.<\/span><\/p>\n<p class=\"MsoNormal\"><span lang=\"EN-US\">Das Dach erh\u00e4lt den ganzen Tag \u00fcber volle Sonneneinstrahlung und wird weder durch B\u00e4ume noch benachbarte Geb\u00e4ude beschattet. Diese optimalen Bedingungen erm\u00f6glichen eine Stromproduktion w\u00e4hrend des gesamten Jahres. Die Dachfl\u00e4che wurde f\u00fcr die gesamte Projektlaufzeit von 30 Jahren gemietet.<\/span><\/p>\n<p class=\"MsoNormal\"><span lang=\"EN-US\">Die Photovoltaikanlage sowie alle Materialien, die elektrische Installation und die mechanische Montage bestehen aus hochwertigen Komponenten von branchenf\u00fchrenden Herstellern und entsprechen den geltenden Normen und Vorschriften. Die Anlage ist gegen Sch\u00e4den und ungeplante Ausf\u00e4lle versichert.<\/span><\/p>","protected":false},"excerpt":{"rendered":"<p class=\"MsoNormal\"><span lang=\"EN-US\">Jetzt ist es an der Zeit, um in Solarpanels auf dem Dach des 9-Familienhauses in Menziken zu investieren! <\/span><\/p>\n<p class=\"MsoNormal\"><span lang=\"EN-US\">Wir haben 108 Solarpanels auf einem Mehrfamilienhaus mit einem grossen und sonnigen Dach installiert.<br \/>\nDie Laufzeit des Projekts betr\u00e4gt 30 Jahre.<\/span><\/p>\n<p class=\"MsoNormal\"><span lang=\"EN-US\">Sie haben jetzt die M\u00f6glichkeit, Eigent\u00fcmer von Solarpanels auf diesem Dach zu werden. Durch den Kauf eines Solarpanels f\u00fcr <strong>960<\/strong><b>\u00a0CHF <\/b>k\u00f6nnen Sie jedes Jahr:<\/span><\/p>\n<p class=\"MsoNormal\" style=\"margin-left: 36.0pt; text-indent: -18.0pt;\"><span lang=\"en-CH\" style=\"font-family: Wingdings;\">- <\/span><span lang=\"EN-US\">380 kWh Solarenergie produzieren<\/span><\/p>\n<p class=\"MsoNormal\" style=\"margin-left: 36.0pt; text-indent: -18.0pt;\"><span lang=\"en-CH\" style=\"font-family: Wingdings;\">- <\/span><span lang=\"EN-US\">150 kg CO2 einsparen<\/span><\/p>\n<p class=\"MsoNormal\" style=\"margin-left: 36.0pt; text-indent: -18.0pt;\"><span lang=\"en-CH\" style=\"font-family: Wingdings;\">- <\/span><span lang=\"EN-US\">6% Rendite auf Ihre Investition verdienen<\/span><\/p>\n<p class=\"MsoNormal\"><span lang=\"EN-US\">Sch\u00fctzen Sie mit uns die Umwelt und fangen Sie sofort an, Geld zu verdienen. Nehmen Sie an unserem Projekt teil, um 560 Tonnen CO2 f\u00fcr die Schweiz einzusparen.<\/span><\/p>\n<p><strong><a href=\"https:\/\/solergy.ch\/de\/warum-in-solarenergie-in-der-schweiz-investieren\/\" target=\"_blank\" rel=\"noopener\">Warum in Solarenergie investieren?<\/a><\/strong><\/p>\n<p><strong><a href=\"https:\/\/solergy.ch\/de\/investition-in-photovoltaikanlagen\/#invest-faq\" target=\"_blank\" rel=\"noopener\">H\u00e4ufig gestellte Fragen von Panel-Investoren<\/a><\/strong><\/p>\n<p class=\"MsoNormal\"><span lang=\"EN-US\">Reservieren Sie jetzt Ihr Panel.<\/span><\/p>","protected":false},"featured_media":3895,"template":"","meta":{"site-sidebar-layout":"default","site-content-layout":"default","ast-site-content-layout":"default","site-content-style":"default","site-sidebar-style":"default","ast-global-header-display":"","ast-banner-title-visibility":"","ast-main-header-display":"","ast-hfb-above-header-display":"","ast-hfb-below-header-display":"","ast-hfb-mobile-header-display":"","site-post-title":"","ast-breadcrumbs-content":"","ast-featured-img":"","footer-sml-layout":"","theme-transparent-header-meta":"default","adv-header-id-meta":"","stick-header-meta":"","header-above-stick-meta":"","header-main-stick-meta":"","header-below-stick-meta":"","astra-migrate-meta-layouts":"set","ast-page-background-enabled":"default","ast-page-background-meta":{"desktop":{"background-color":"","background-image":"","background-repeat":"repeat","background-position":"center center","background-size":"auto","background-attachment":"scroll","background-type":"","background-media":"","overlay-type":"","overlay-color":"","overlay-opacity":"","overlay-gradient":""},"tablet":{"background-color":"","background-image":"","background-repeat":"repeat","background-position":"center center","background-size":"auto","background-attachment":"scroll","background-type":"","background-media":"","overlay-type":"","overlay-color":"","overlay-opacity":"","overlay-gradient":""},"mobile":{"background-color":"","background-image":"","background-repeat":"repeat","background-position":"center center","background-size":"auto","background-attachment":"scroll","background-type":"","background-media":"","overlay-type":"","overlay-color":"","overlay-opacity":"","overlay-gradient":""}},"ast-content-background-meta":{"desktop":{"background-color":"var(--ast-global-color-5)","background-image":"","background-repeat":"repeat","background-position":"center center","background-size":"auto","background-attachment":"scroll","background-type":"","background-media":"","overlay-type":"","overlay-color":"","overlay-opacity":"","overlay-gradient":""},"tablet":{"background-color":"var(--ast-global-color-5)","background-image":"","background-repeat":"repeat","background-position":"center center","background-size":"auto","background-attachment":"scroll","background-type":"","background-media":"","overlay-type":"","overlay-color":"","overlay-opacity":"","overlay-gradient":""},"mobile":{"background-color":"var(--ast-global-color-5)","background-image":"","background-repeat":"repeat","background-position":"center center","background-size":"auto","background-attachment":"scroll","background-type":"","background-media":"","overlay-type":"","overlay-color":"","overlay-opacity":"","overlay-gradient":""}}},"product_brand":[],"product_cat":[19,18,59],"product_tag":[],"class_list":{"0":"post-684","1":"product","2":"type-product","3":"status-publish","4":"has-post-thumbnail","6":"product_cat-solar-panels","7":"product_cat-solar-panel","8":"product_cat-munimatt2","9":"desktop-align-left","10":"tablet-align-left","11":"mobile-align-left","12":"ast-product-gallery-layout-horizontal-slider","13":"ast-product-tabs-layout-horizontal","14":"ast-qv-on-image","16":"first","17":"outofstock","18":"featured","19":"virtual","20":"taxable","21":"purchasable","22":"product-type-simple"},"_links":{"self":[{"href":"https:\/\/solergy.ch\/de\/wp-json\/wp\/v2\/product\/684","targetHints":{"allow":["GET"]}}],"collection":[{"href":"https:\/\/solergy.ch\/de\/wp-json\/wp\/v2\/product"}],"about":[{"href":"https:\/\/solergy.ch\/de\/wp-json\/wp\/v2\/types\/product"}],"wp:featuredmedia":[{"embeddable":true,"href":"https:\/\/solergy.ch\/de\/wp-json\/wp\/v2\/media\/3895"}],"wp:attachment":[{"href":"https:\/\/solergy.ch\/de\/wp-json\/wp\/v2\/media?parent=684"}],"wp:term":[{"taxonomy":"product_brand","embeddable":true,"href":"https:\/\/solergy.ch\/de\/wp-json\/wp\/v2\/product_brand?post=684"},{"taxonomy":"product_cat","embeddable":true,"href":"https:\/\/solergy.ch\/de\/wp-json\/wp\/v2\/product_cat?post=684"},{"taxonomy":"product_tag","embeddable":true,"href":"https:\/\/solergy.ch\/de\/wp-json\/wp\/v2\/product_tag?post=684"}],"curies":[{"name":"wp","href":"https:\/\/api.w.org\/{rel}","templated":true}]}}